{"id":1209,"date":"2025-08-10T10:07:44","date_gmt":"2025-08-10T10:07:44","guid":{"rendered":"https:\/\/brandartbylist.com\/?page_id=1209"},"modified":"2025-08-21T11:20:47","modified_gmt":"2025-08-21T09:20:47","slug":"indice","status":"publish","type":"page","link":"https:\/\/brandartbylist.com\/es\/inhaltsverzeichnis\/","title":{"rendered":"\u00cdndice"},"content":{"rendered":"<p>Orden en el caos. Un \u00edndice. Suena sobrio, pero no lo es. Aqu\u00ed encontrar\u00e1 los caminos a trav\u00e9s de la jungla de BrandArt. Textos, obras, declaraciones. Nada de jerigonza, nada de frases vac\u00edas. S\u00f3lo lenguaje llano sobre arte que no se esconde.<\/p>\n\n\n\n<p>Es el hilo conductor de una actitud: desmontar el lujo, desenmascarar el consumo, recomponer los s\u00edmbolos. BrandArt no es un accesorio decorativo. Es fricci\u00f3n. Es humor con l\u00e1grimas en los ojos. Y aqu\u00ed puede leer c\u00f3mo se articula todo.<\/p>\n\n\n<div class=\"rank-math-html-sitemap\"><div class=\"rank-math-html-sitemap__section rank-math-html-sitemap__section--post-type rank-math-html-sitemap__section--post\"><h2 class=\"rank-math-html-sitemap__title\">Entradas<\/h2><ul class=\"rank-math-html-sitemap__list\"><li class=\"rank-math-html-sitemap__item\"><a href=\"https:\/\/brandartbylist.com\/es\/el-empollon-viste-de-prada\/\" class=\"rank-math-html-sitemap__link\">El empoll\u00f3n viste de Prada y se r\u00ede en la cara del lujo<\/a><\/li><li class=\"rank-math-html-sitemap__item\"><a href=\"https:\/\/brandartbylist.com\/es\/basquiat-conoce-a-louis\/\" class=\"rank-math-html-sitemap__link\">Basquiat conoce a Louis: corona, arte, confrontaci\u00f3n<\/a><\/li><li class=\"rank-math-html-sitemap__item\"><a href=\"https:\/\/brandartbylist.com\/es\/coquetea-con-estilo\/\" class=\"rank-math-html-sitemap__link\">Coquetea con estilo: te encanta ir<\/a><\/li><li class=\"rank-math-html-sitemap__item\"><a href=\"https:\/\/brandartbylist.com\/es\/manifestar-en-rojo\/\" class=\"rank-math-html-sitemap__link\">El lujo puede re\u00edr: un manifiesto en rojo<\/a><\/li><li class=\"rank-math-html-sitemap__item\"><a href=\"https:\/\/brandartbylist.com\/es\/de-la-pared-a-la-mano-el-arte-en-la-vida-cotidiana\/\" class=\"rank-math-html-sitemap__link\">De la pared a la mano: el arte en la vida cotidiana<\/a><\/li><li class=\"rank-math-html-sitemap__item\"><a href=\"https:\/\/brandartbylist.com\/es\/emojis-en-la-historia-del-arte\/\" class=\"rank-math-html-sitemap__link\">Emojis en la historia del arte<\/a><\/li><li class=\"rank-math-html-sitemap__item\"><a href=\"https:\/\/brandartbylist.com\/es\/el-lujo-puede-ser-divertido\/\" class=\"rank-math-html-sitemap__link\">Por qu\u00e9 el lujo tambi\u00e9n puede ser divertido<\/a><\/li><li class=\"rank-math-html-sitemap__item\"><a href=\"https:\/\/brandartbylist.com\/es\/que-es-el-arte-ponible\/\" class=\"rank-math-html-sitemap__link\">\u00bfQu\u00e9 es el arte ponible?<\/a><\/li><li class=\"rank-math-html-sitemap__item\"><a href=\"https:\/\/brandartbylist.com\/es\/sonrie-por-favor\/\" class=\"rank-math-html-sitemap__link\">Sonr\u00eda, por favor: \u00a1el lujo puede ser divertido!<\/a><\/li><li class=\"rank-math-html-sitemap__item\"><a href=\"https:\/\/brandartbylist.com\/es\/lujo-con-guino-2\/\" class=\"rank-math-html-sitemap__link\">Descarado, libre, chispeante: lujo con brillo en los ojos<\/a><\/li><li class=\"rank-math-html-sitemap__item\"><a href=\"https:\/\/brandartbylist.com\/es\/el-arte-callejero-se-une-a-la-alta-costura\/\" class=\"rank-math-html-sitemap__link\">Del muro a la calle: el arte callejero se une a la alta costura<\/a><\/li><li class=\"rank-math-html-sitemap__item\"><a href=\"https:\/\/brandartbylist.com\/es\/lujo-con-mensaje\/\" class=\"rank-math-html-sitemap__link\">Los emojis dicen la verdad: lujo con mensaje<\/a><\/li><li class=\"rank-math-html-sitemap__item\"><a href=\"https:\/\/brandartbylist.com\/es\/arte-para-llevar-puesto\/\" class=\"rank-math-html-sitemap__link\">Arte para llevar puesto: arte que va contigo<\/a><\/li><li class=\"rank-math-html-sitemap__item\"><a href=\"https:\/\/brandartbylist.com\/es\/lujo-con-guino\/\" class=\"rank-math-html-sitemap__link\">Lujo con brillo en los ojos<\/a><\/li><li class=\"rank-math-html-sitemap__item\"><a href=\"https:\/\/brandartbylist.com\/es\/el-dinero-habla\/\" class=\"rank-math-html-sitemap__link\">El dinero habla - El arte responde.<\/a><\/li><li class=\"rank-math-html-sitemap__item\"><a href=\"https:\/\/brandartbylist.com\/es\/lv-cartera-008-21\/\" class=\"rank-math-html-sitemap__link\">Drama, glamour y un toque de misterio<\/a><\/li><li class=\"rank-math-html-sitemap__item\"><a href=\"https:\/\/brandartbylist.com\/es\/arte-para-llevar\/\" class=\"rank-math-html-sitemap__link\">Arte para llevar - lujo que vive<\/a><\/li><li class=\"rank-math-html-sitemap__item\"><a href=\"https:\/\/brandartbylist.com\/es\/cartera-de-lujo\/\" class=\"rank-math-html-sitemap__link\">A Una cartera se convierte en un icono - cada toque la hace m\u00e1s valiosa se convierte en un icono - cada toque la hace m\u00e1s valiosa<\/a><\/li><li class=\"rank-math-html-sitemap__item\"><a href=\"https:\/\/brandartbylist.com\/es\/lona-de-lujo\/\" class=\"rank-math-html-sitemap__link\">El lujo es como un lienzo: hazlo tuyo<\/a><\/li><li class=\"rank-math-html-sitemap__item\"><a href=\"https:\/\/brandartbylist.com\/es\/artistas-contra-el-hambre-en-gaza\/\" class=\"rank-math-html-sitemap__link\">Artistas contra el hambre en Gaza<\/a><\/li><li class=\"rank-math-html-sitemap__item\"><a href=\"https:\/\/brandartbylist.com\/es\/entre-flores-y-marcas\/\" class=\"rank-math-html-sitemap__link\">Entre flores y marcas<\/a><\/li><\/ul><\/div><div class=\"rank-math-html-sitemap__section rank-math-html-sitemap__section--post-type rank-math-html-sitemap__section--page\"><h2 class=\"rank-math-html-sitemap__title\">P\u00e1ginas<\/h2><ul class=\"rank-math-html-sitemap__list\"><li class=\"rank-math-html-sitemap__item\"><a href=\"https:\/\/brandartbylist.com\/es\/ueber-brandart-by-list\/\" class=\"rank-math-html-sitemap__link\">Acerca de BrandArt by List<\/a><\/li><li class=\"rank-math-html-sitemap__item\"><a href=\"https:\/\/brandartbylist.com\/es\/der-kuenstler\/\" class=\"rank-math-html-sitemap__link\">El artista<\/a><\/li><li class=\"rank-math-html-sitemap__item\"><a href=\"https:\/\/brandartbylist.com\/es\/impressum\/\" class=\"rank-math-html-sitemap__link\">Pie de imprenta<\/a><\/li><li class=\"rank-math-html-sitemap__item\"><a href=\"https:\/\/brandartbylist.com\/es\/\" class=\"rank-math-html-sitemap__link\">BrandArt by List Galer\u00eda de arte en l\u00ednea<\/a><\/li><li class=\"rank-math-html-sitemap__item\"><a href=\"https:\/\/brandartbylist.com\/es\/kontakt\/\" class=\"rank-math-html-sitemap__link\">P\u00f3ngase en contacto con nosotros<\/a><\/li><li class=\"rank-math-html-sitemap__item\"><a href=\"https:\/\/brandartbylist.com\/es\/brandart-shop-galerie\/\" class=\"rank-math-html-sitemap__link\">Tienda<\/a><\/li><li class=\"rank-math-html-sitemap__item\"><a href=\"https:\/\/brandartbylist.com\/es\/brandart-blog-by-list\/\" class=\"rank-math-html-sitemap__link\">Blog BrandArt por Lista<\/a><\/li><li class=\"rank-math-html-sitemap__item\"><a href=\"https:\/\/brandartbylist.com\/es\/inhaltsverzeichnis\/\" class=\"rank-math-html-sitemap__link\">\u00cdndice<\/a><\/li><li class=\"rank-math-html-sitemap__item\"><a href=\"https:\/\/brandartbylist.com\/es\/cookie-richtlinie-eu\/\" class=\"rank-math-html-sitemap__link\">Directiva sobre cookies (UE)<\/a><\/li><li class=\"rank-math-html-sitemap__item\"><a href=\"https:\/\/brandartbylist.com\/es\/datenschutzerklaerung\/\" class=\"rank-math-html-sitemap__link\">Pol\u00edtica de privacidad<\/a><\/li><li class=\"rank-math-html-sitemap__item\"><a href=\"https:\/\/brandartbylist.com\/es\/warenkorb\/\" class=\"rank-math-html-sitemap__link\">Cesta de la compra<\/a><\/li><li class=\"rank-math-html-sitemap__item\"><a href=\"https:\/\/brandartbylist.com\/es\/mein-konto\/\" class=\"rank-math-html-sitemap__link\">Mi cuenta<\/a><\/li><li class=\"rank-math-html-sitemap__item\"><a href=\"https:\/\/brandartbylist.com\/es\/kasse\/\" class=\"rank-math-html-sitemap__link\">Caja<\/a><\/li><\/ul><\/div><div class=\"rank-math-html-sitemap__section rank-math-html-sitemap__section--post-type rank-math-html-sitemap__section--product\"><h2 class=\"rank-math-html-sitemap__title\">Productos<\/h2><ul class=\"rank-math-html-sitemap__list\"><li class=\"rank-math-html-sitemap__item\"><a href=\"https:\/\/brandartbylist.com\/es\/tragbare-kunst-mit-humor-und-freudestraenen\/\" class=\"rank-math-html-sitemap__link\">Arte ponible con humor y l\u00e1grimas de alegr\u00eda<\/a><\/li><li class=\"rank-math-html-sitemap__item\"><a href=\"https:\/\/brandartbylist.com\/es\/frech-frei-funkelnd-luxus-mit-einem-augenzwinkern-2\/\" class=\"rank-math-html-sitemap__link\">La risa es el accesorio m\u00e1s hermoso<\/a><\/li><li class=\"rank-math-html-sitemap__item\"><a href=\"https:\/\/brandartbylist.com\/es\/money-talks-kunst-antwortet\/\" class=\"rank-math-html-sitemap__link\">El dinero habla - El arte responde<\/a><\/li><li class=\"rank-math-html-sitemap__item\"><a href=\"https:\/\/brandartbylist.com\/es\/schlaf-schoen-luxus\/\" class=\"rank-math-html-sitemap__link\">Duerme bien, de lujo.<\/a><\/li><li class=\"rank-math-html-sitemap__item\"><a href=\"https:\/\/brandartbylist.com\/es\/oh-wow-emotion-trifft-eleganz\/\" class=\"rank-math-html-sitemap__link\">La emoci\u00f3n se une a la elegancia.<\/a><\/li><li class=\"rank-math-html-sitemap__item\"><a href=\"https:\/\/brandartbylist.com\/es\/flirt-mit-stil-liebe-zum-mitnehmen\/\" class=\"rank-math-html-sitemap__link\">Coquetea con estilo: te encanta ir<\/a><\/li><li class=\"rank-math-html-sitemap__item\"><a href=\"https:\/\/brandartbylist.com\/es\/laecheln-bitte-luxus-darf-spass-machen\/\" class=\"rank-math-html-sitemap__link\">Sonr\u00eda, por favor: \u00a1el lujo puede ser divertido!<\/a><\/li><li class=\"rank-math-html-sitemap__item\"><a href=\"https:\/\/brandartbylist.com\/es\/drama-glanz-und-ein-hauch-geheimnis\/\" class=\"rank-math-html-sitemap__link\">Drama, glamour y un toque de misterio.<\/a><\/li><li class=\"rank-math-html-sitemap__item\"><a href=\"https:\/\/brandartbylist.com\/es\/frech-frei-funkelnd-luxus-mit-einem-augenzwinkern\/\" class=\"rank-math-html-sitemap__link\">Descarado, libre, chispeante: lujo con gui\u00f1o.<\/a><\/li><li class=\"rank-math-html-sitemap__item\"><a href=\"https:\/\/brandartbylist.com\/es\/liebe-zum-anfassen-und-mitnehmen\/\" class=\"rank-math-html-sitemap__link\">Me encanta tocar... y llevarme.<\/a><\/li><\/ul><\/div><div class=\"rank-math-html-sitemap__section rank-math-html-sitemap__section--taxonomy rank-math-html-sitemap__section--category\"><h2 class=\"rank-math-html-sitemap__title\">Categor\u00edas<\/h2><ul class=\"rank-math-html-sitemap__list\"><li class=\"rank-math-html-sitemap__item\"><a href=\"https:\/\/brandartbylist.com\/es\/blog-de-brandart\/\" class=\"rank-math-html-sitemap__link\">Blog BrandArt<\/a><\/li><\/ul><\/div><\/div>\n\n\n\n<p>\u00bfHa le\u00eddo suficiente? Entonces ve donde duele, o mejor dicho: donde golpea. A la <strong>Galer\u00eda en l\u00ednea<\/strong>. No hay promesas colgadas, sino piezas \u00fanicas. Firmadas a mano. Una obra de arte que te pertenece, si eres lo bastante valiente.<\/p>\n\n\n\n<p>\ud83d\udc49 <a>De cara a la galer\u00eda - y entrar en el juego real<\/a><\/p>\n\n\n\n<p><\/p>","protected":false},"excerpt":{"rendered":"<p>Ordnung im Chaos. Ein Inhaltsverzeichnis. Klingt n\u00fcchtern &#8211; ist es aber nicht. Hier findest Du die Schneisen durch das Dickicht von BrandArt. Texte, Werke, Statements. Kein Geschwafel, keine Floskeln. Nur Klartext \u00fcber Kunst, die sich nicht versteckt. Es ist der rote Faden durch eine Haltung: Luxus zerlegen, Konsum entlarven, Symbole neu zusammensetzen. BrandArt ist kein [&hellip;]<\/p>\n","protected":false},"author":1,"featured_media":1352,"parent":0,"menu_order":0,"comment_status":"closed","ping_status":"closed","template":"","meta":{"footnotes":""},"class_list":["post-1209","page","type-page","status-publish","has-post-thumbnail","hentry"],"_links":{"self":[{"href":"https:\/\/brandartbylist.com\/es\/wp-json\/wp\/v2\/pages\/1209","targetHints":{"allow":["GET"]}}],"collection":[{"href":"https:\/\/brandartbylist.com\/es\/wp-json\/wp\/v2\/pages"}],"about":[{"href":"https:\/\/brandartbylist.com\/es\/wp-json\/wp\/v2\/types\/page"}],"author":[{"embeddable":true,"href":"https:\/\/brandartbylist.com\/es\/wp-json\/wp\/v2\/users\/1"}],"replies":[{"embeddable":true,"href":"https:\/\/brandartbylist.com\/es\/wp-json\/wp\/v2\/comments?post=1209"}],"version-history":[{"count":0,"href":"https:\/\/brandartbylist.com\/es\/wp-json\/wp\/v2\/pages\/1209\/revisions"}],"wp:featuredmedia":[{"embeddable":true,"href":"https:\/\/brandartbylist.com\/es\/wp-json\/wp\/v2\/media\/1352"}],"wp:attachment":[{"href":"https:\/\/brandartbylist.com\/es\/wp-json\/wp\/v2\/media?parent=1209"}],"curies":[{"name":"wp","href":"https:\/\/api.w.org\/{rel}","templated":true}]}}