{"id":230,"date":"2025-07-15T13:47:13","date_gmt":"2025-07-15T13:47:13","guid":{"rendered":"https:\/\/ig-lifestyle.com\/?page_id=230"},"modified":"2026-04-12T14:27:17","modified_gmt":"2026-04-12T12:27:17","slug":"sobre-brandart-by-list","status":"publish","type":"page","link":"https:\/\/brandartbylist.com\/es\/ueber-brandart-by-list\/","title":{"rendered":"Acerca de BrandArt by List"},"content":{"rendered":"<div data-elementor-type=\"wp-page\" data-elementor-id=\"230\" class=\"elementor elementor-230\" data-elementor-post-type=\"page\">\n <section class=\"elementor-section elementor-top-section elementor-element elementor-element-6e7ef36a elementor-section-boxed elementor-section-height-default elementor-section-height-default\" data-id=\"6e7ef36a\" data-element_type=\"section\" data-e-type=\"section\" data-settings=\"{&quot;shape_divider_bottom&quot;:&quot;waves&quot;,&quot;background_background&quot;:&quot;classic&quot;}\">\n <div class=\"elementor-background-overlay\"><\/div>\n <div class=\"elementor-shape elementor-shape-bottom\" aria-hidden=\"true\" data-negative=\"false\">\n <svg xmlns=\"http:\/\/www.w3.org\/2000\/svg\" viewbox=\"0 0 1000 100\" preserveaspectratio=\"none\">\n\t<path class=\"elementor-shape-fill\" d=\"M421.9,6.5c22.6-2.5,51.5,0.4,75.5,5.3c23.6,4.9,70.9,23.5,100.5,35.7c75.8,32.2,133.7,44.5,192.6,49.7\tc23.6,2.1,48.7,3.5,103.4-2.5c54.7-6,106.2-25.6,106.2-25.6V0H0v30.3c0,0,72,32.6,158.4,30.5c39.2-0.7,92.8-6.7,134-22.4\tc21.2-8.1,52.2-18.2,79.7-24.2C399.3,7.9,411.6,7.5,421.9,6.5z\"\/>\n<\/svg> <\/div>\n <div class=\"elementor-container elementor-column-gap-default\">\n <div class=\"elementor-column elementor-col-100 elementor-top-column elementor-element elementor-element-419cd981\" data-id=\"419cd981\" data-element_type=\"column\" data-e-type=\"column\">\n <div class=\"elementor-widget-wrap elementor-element-populated\">\n <div class=\"elementor-element elementor-element-550a2453 elementor-widget__width-initial elementor-widget elementor-widget-heading\" data-id=\"550a2453\" data-element_type=\"widget\" data-e-type=\"widget\" data-widget_type=\"heading.default\">\n <h1 class=\"elementor-heading-title elementor-size-default\">Acerca de BrandArt by List<\/h1> <\/div>\n <\/div>\n <\/div>\n <\/div>\n <\/section>\n <section class=\"elementor-section elementor-top-section elementor-element elementor-element-1bb85d7b elementor-section-boxed elementor-section-height-default elementor-section-height-default\" data-id=\"1bb85d7b\" data-element_type=\"section\" data-e-type=\"section\">\n <div class=\"elementor-container elementor-column-gap-extended\">\n <div class=\"elementor-column elementor-col-50 elementor-top-column elementor-element elementor-element-4e324d09\" data-id=\"4e324d09\" data-element_type=\"column\" data-e-type=\"column\">\n <div class=\"elementor-widget-wrap elementor-element-populated\">\n <div class=\"elementor-element elementor-element-f5027f3 elementor-widget elementor-widget-image\" data-id=\"f5027f3\" data-element_type=\"widget\" data-e-type=\"widget\" data-widget_type=\"image.default\">\n <img decoding=\"async\" width=\"640\" height=\"1024\" src=\"https:\/\/brandartbylist.com\/wp-content\/uploads\/2025\/07\/list-der-kuenstler-scaled-e1753198782452-640x1024.jpg\" class=\"attachment-large size-large wp-image-681\" alt=\"\" srcset=\"https:\/\/brandartbylist.com\/wp-content\/uploads\/2025\/07\/list-der-kuenstler-scaled-e1753198782452-640x1024.jpg 640w, https:\/\/brandartbylist.com\/wp-content\/uploads\/2025\/07\/list-der-kuenstler-scaled-e1753198782452-1000x1601.jpg 1000w, https:\/\/brandartbylist.com\/wp-content\/uploads\/2025\/07\/list-der-kuenstler-scaled-e1753198782452-187x300.jpg 187w, https:\/\/brandartbylist.com\/wp-content\/uploads\/2025\/07\/list-der-kuenstler-scaled-e1753198782452-768x1230.jpg 768w, https:\/\/brandartbylist.com\/wp-content\/uploads\/2025\/07\/list-der-kuenstler-scaled-e1753198782452-959x1536.jpg 959w, https:\/\/brandartbylist.com\/wp-content\/uploads\/2025\/07\/list-der-kuenstler-scaled-e1753198782452.jpg 1178w\" sizes=\"(max-width: 640px) 100vw, 640px\" title=\"\"> <\/div>\n <div class=\"elementor-element elementor-element-2ece394b elementor-widget elementor-widget-heading\" data-id=\"2ece394b\" data-element_type=\"widget\" data-e-type=\"widget\" data-widget_type=\"heading.default\">\n <h5 class=\"elementor-heading-title elementor-size-default\">PROYECTO<\/h5> <\/div>\n <div class=\"elementor-element elementor-element-27e1d178 elementor-widget__width-initial elementor-widget-mobile__width-inherit elementor-widget elementor-widget-text-editor\" data-id=\"27e1d178\" data-element_type=\"widget\" data-e-type=\"widget\" data-widget_type=\"text-editor.default\">\n <p>BrandArt<\/p> <\/div>\n <div class=\"elementor-element elementor-element-6e368c3a elementor-widget elementor-widget-heading\" data-id=\"6e368c3a\" data-element_type=\"widget\" data-e-type=\"widget\" data-widget_type=\"heading.default\">\n <h5 class=\"elementor-heading-title elementor-size-default\">Artista<\/h5> <\/div>\n <div class=\"elementor-element elementor-element-52d02ae2 elementor-widget__width-initial elementor-widget-mobile__width-inherit elementor-widget elementor-widget-text-editor\" data-id=\"52d02ae2\" data-element_type=\"widget\" data-e-type=\"widget\" data-widget_type=\"text-editor.default\">\n <p>Ralf List<\/p> <\/div>\n <div class=\"elementor-element elementor-element-7139b343 elementor-widget elementor-widget-heading\" data-id=\"7139b343\" data-element_type=\"widget\" data-e-type=\"widget\" data-widget_type=\"heading.default\">\n <h5 class=\"elementor-heading-title elementor-size-default\">A\u00d1O<\/h5> <\/div>\n <div class=\"elementor-element elementor-element-1041b60c elementor-widget__width-initial elementor-widget-mobile__width-inherit elementor-widget elementor-widget-text-editor\" data-id=\"1041b60c\" data-element_type=\"widget\" data-e-type=\"widget\" data-widget_type=\"text-editor.default\">\n <p>1963 - Hoy<\/p> <\/div>\n <div class=\"elementor-element elementor-element-28188d0d elementor-widget elementor-widget-heading\" data-id=\"28188d0d\" data-element_type=\"widget\" data-e-type=\"widget\" data-widget_type=\"heading.default\">\n <h5 class=\"elementor-heading-title elementor-size-default\">Dise\u00f1ador<\/h5> <\/div>\n <div class=\"elementor-element elementor-element-47da3279 elementor-widget__width-initial elementor-widget-mobile__width-inherit elementor-widget elementor-widget-text-editor\" data-id=\"47da3279\" data-element_type=\"widget\" data-e-type=\"widget\" data-widget_type=\"text-editor.default\">\n <p>Louis Vuitton, Herm\u00e8s, Prada, Maison Margiela, Bugatti, Rolex y muchos m\u00e1s.<\/p> <\/div>\n <\/div>\n <\/div>\n <div class=\"elementor-column elementor-col-50 elementor-top-column elementor-element elementor-element-1ff3d274\" data-id=\"1ff3d274\" data-element_type=\"column\" data-e-type=\"column\">\n <div class=\"elementor-widget-wrap elementor-element-populated\">\n <div class=\"elementor-element elementor-element-9e04071 premium-header-block premium-lq__none premium-box-lq__none elementor-widget elementor-widget-premium-addon-dual-header\" data-id=\"9e04071\" data-element_type=\"widget\" data-e-type=\"widget\" data-widget_type=\"premium-addon-dual-header.default\">\n \n <div class=\"elementor-widget-container\">\n <span class=\"premium-dual-header-first-header\"><span class=\"premium-dual-header-first-span\">RALF LIST no cree en las convenciones. <\/span><span class=\"premium-dual-header-second-header\">Cree en los coleccionistas valientes, en los rebeldes creativos, en la gente que quiere algo m\u00e1s que un cuadro en la pared.<\/span><\/span> <\/div>\n\n <\/div>\n <div class=\"elementor-element elementor-element-84780b5 elementor-widget elementor-widget-text-editor\" data-id=\"84780b5\" data-element_type=\"widget\" data-e-type=\"widget\" data-widget_type=\"text-editor.default\">\n <p><b>BrandArt no es un nombre, es una declaraci\u00f3n.<\/b><\/p><p><b><br \/><\/b>Un artista que no consume lujo, sino que lo transforma. Que no se pregunta si algo est\u00e1 permitido, sino si se siente real.<\/p><p>Con un pincel, provocaci\u00f3n y un don para los iconos <a class=\"wpil_keyword_link\" href=\"https:\/\/brandartbylist.com\/es\/brandart-blog-por-lista\/\" title=\"Blog BrandArt por Lista\" data-wpil-keyword-link=\"linked\" data-wpil-monitor-id=\"51064\">LISTA RALF<\/a> Obras que trascienden las fronteras: entre el arte y la moda, entre el s\u00edmbolo de estatus y la expresi\u00f3n.<\/p><p>Tras a\u00f1os de lucha contra las galer\u00edas elitistas y las puertas cerradas, RALF LIST se decidi\u00f3 por la independencia: su propia galer\u00eda, su propio estilo, un nuevo lenguaje.<\/p><p>Sus obras incluyen objetos de lujo de productos originales como <a href=\"\/es\/arte-para-llevar-puesto\/\" title=\"Arte para llevar puesto: arte que va contigo\" data-wpil-monitor-id=\"11\">Louis Vuitton, <span data-huuid=\"15994933233587385565\">Herm\u00e8s<\/a><\/span>Prada, etc., que transforma en una nueva identidad con s\u00edmbolos, emojis y color. No se llevan puestas: se escenifican. Sobre lienzos florales, montados magn\u00e9ticamente, con firma, historia y certificado.<\/p> <\/div>\n <div class=\"elementor-element elementor-element-177468c text-center elementor-widget elementor-widget-tp-blockquote\" data-id=\"177468c\" data-element_type=\"widget\" data-e-type=\"widget\" data-widget_type=\"tp-blockquote.default\">\n <div class=\"pt-plus-text-block-wrapper\" ><div class=\"text_block_parallax\"><div class=\"plus_blockquote quote-style-1 none\" ><blockquote class=\"quote-text\"><span class=\"tp-bq-desc\"><p>\"Mi arte no es un objeto. Es una actitud\".<\/p><\/span><\/blockquote><\/div><\/div><\/div> <\/div>\n <div class=\"elementor-element elementor-element-92b91f3 elementor-widget elementor-widget-text-editor\" data-id=\"92b91f3\" data-element_type=\"widget\" data-e-type=\"widget\" data-widget_type=\"text-editor.default\">\n <div class=\"plus-icon-list-text\"><p>Cada pieza es un manifiesto contra la producci\u00f3n en masa.<\/p><\/div><div class=\"plus-icon-list-icon\">Un homenaje a lo \u00fanico.<\/div><div> <\/div><div class=\"plus-icon-list-icon\">Una invitaci\u00f3n no a mirar el arte, sino a poseerlo y hacerlo visible.<\/div> <\/div>\n <\/div>\n <\/div>\n <\/div>\n <\/section>\n <\/div>","protected":false},"excerpt":{"rendered":"<p>\u00dcber BrandArt by List PROJECT BrandArt Artist Ralf List YEAR 1963 &#8211; Today Designer Louis Vuitton, Herm\u00e8s, Prada, Maison Margiela, Bugatti, Rolex u.v.m. RALF LIST glaubt nicht an Konventionen. Er glaubt an mutige Sammler, an kreative Rebellen, an Menschen, die mehr wollen als ein Bild an der Wand. BrandArt ist kein Name &#8211; es ist [&hellip;]<\/p>\n","protected":false},"author":1,"featured_media":612,"parent":0,"menu_order":0,"comment_status":"closed","ping_status":"closed","template":"elementor_header_footer","meta":{"footnotes":""},"class_list":["post-230","page","type-page","status-publish","has-post-thumbnail","hentry"],"_links":{"self":[{"href":"https:\/\/brandartbylist.com\/es\/wp-json\/wp\/v2\/pages\/230","targetHints":{"allow":["GET"]}}],"collection":[{"href":"https:\/\/brandartbylist.com\/es\/wp-json\/wp\/v2\/pages"}],"about":[{"href":"https:\/\/brandartbylist.com\/es\/wp-json\/wp\/v2\/types\/page"}],"author":[{"embeddable":true,"href":"https:\/\/brandartbylist.com\/es\/wp-json\/wp\/v2\/users\/1"}],"replies":[{"embeddable":true,"href":"https:\/\/brandartbylist.com\/es\/wp-json\/wp\/v2\/comments?post=230"}],"version-history":[{"count":0,"href":"https:\/\/brandartbylist.com\/es\/wp-json\/wp\/v2\/pages\/230\/revisions"}],"wp:featuredmedia":[{"embeddable":true,"href":"https:\/\/brandartbylist.com\/es\/wp-json\/wp\/v2\/media\/612"}],"wp:attachment":[{"href":"https:\/\/brandartbylist.com\/es\/wp-json\/wp\/v2\/media?parent=230"}],"curies":[{"name":"wp","href":"https:\/\/api.w.org\/{rel}","templated":true}]}}