{"id":422,"date":"2025-07-16T14:40:26","date_gmt":"2025-07-16T14:40:26","guid":{"rendered":"https:\/\/ig-lifestyle.com\/?page_id=422"},"modified":"2025-08-21T11:40:27","modified_gmt":"2025-08-21T09:40:27","slug":"brandart-blog-por-lista","status":"publish","type":"page","link":"https:\/\/brandartbylist.com\/es\/brandart-blog-by-list\/","title":{"rendered":"Blog BrandArt por Lista"},"content":{"rendered":"<div data-elementor-type=\"wp-page\" data-elementor-id=\"422\" class=\"elementor elementor-422\" data-elementor-post-type=\"page\">\n <section class=\"elementor-section elementor-top-section elementor-element elementor-element-62a92dbd elementor-section-boxed elementor-section-height-default elementor-section-height-default\" data-id=\"62a92dbd\" data-element_type=\"section\" data-e-type=\"section\">\n <div class=\"elementor-container elementor-column-gap-default\">\n <div class=\"elementor-column elementor-col-100 elementor-top-column elementor-element elementor-element-317eb9bb\" data-id=\"317eb9bb\" data-element_type=\"column\" data-e-type=\"column\">\n <div class=\"elementor-widget-wrap elementor-element-populated\">\n <div class=\"elementor-element elementor-element-23704dc elementor-widget elementor-widget-heading\" data-id=\"23704dc\" data-element_type=\"widget\" data-e-type=\"widget\" data-widget_type=\"heading.default\">\n <h1 class=\"elementor-heading-title elementor-size-default\">Blog BrandArt por Lista<\/h1> <\/div>\n <div class=\"elementor-element elementor-element-431c5195 elementor-widget elementor-widget-text-editor\" data-id=\"431c5195\" data-element_type=\"widget\" data-e-type=\"widget\" data-widget_type=\"text-editor.default\">\n <p>BrandArt es m\u00e1s que arte visual: es actitud, proceso y provocaci\u00f3n. En este blog, LIST habla de las ideas que hay detr\u00e1s de las obras, reflexiona sobre el lujo, el consumo y la identidad y deja que el arte viva donde empiezan las palabras. Directo, honesto, inspirado.<\/p> <\/div>\n <\/div>\n <\/div>\n <\/div>\n <\/section>\n <section class=\"elementor-section elementor-top-section elementor-element elementor-element-39781ee3 elementor-section-boxed elementor-section-height-default elementor-section-height-default\" data-id=\"39781ee3\" data-element_type=\"section\" data-e-type=\"section\" data-settings=\"{&quot;background_background&quot;:&quot;classic&quot;}\">\n <div class=\"elementor-background-overlay\"><\/div>\n <div class=\"elementor-container elementor-column-gap-default\">\n <style>@media {.elementor-element.elementor-column.elementor-element-665ce6aa{}.elementor-element.elementor-column.elementor-element-665ce6aa > .elementor-column{}}<\/style> <div class=\"elementor-column elementor-col-100 elementor-top-column elementor-element elementor-element-665ce6aa\" data-id=\"665ce6aa\" data-element_type=\"column\" data-e-type=\"column\">\n <div class=\"elementor-widget-wrap elementor-element-populated\">\n <div class=\"elementor-element elementor-element-8c1cbfb elementor-widget elementor-widget-tp-blog-listout\" data-id=\"8c1cbfb\" data-element_type=\"widget\" data-e-type=\"widget\" data-widget_type=\"tp-blog-listout.default\">\n <div id=\"pt-plus-blog-post-list\" class=\"blog-list post69f0cec8b06f8 list-isotope-metro blog-style-1 hover-image-style-1\" data-layout-type=\"metro\" data-metro-columns=\"3\" data-metro-style=\"style-1\" data-tablet-metro-columns=\"3\" data-tablet-metro-style=\"style-1\" data-id=\"post69f0cec8b06f8\" data-style=\"style-1\" dir= \"data-enable-isotope=\"1\"\" filter-type = \"normal\"><div id=\"post69f0cec8b06f8\" class=\"tp-row post-inner-loop post69f0cec8b06f8\" data-extparam= '{\"loading-opt\":\"default\",\"URL-para\":\"\"}' ><div class=\"grid-item metro-item1 tb-metro-item1\"><article id=\"post-1455\" class=\"post-1455 post type-post status-publish format-standard has-post-thumbnail hentry category-brandart-blog tag-brandart tag-design-trifft-haltung tag-kunst-im-alltag tag-kunstfreiheit tag-kuenstlerische-transformation tag-kunstobjekt-als-alltagsbegleiter tag-luxus-mit-ironie tag-tragbare-kunst tag-wearable-art\">\n\t<div class=\"blog-list-content\">\n <div class=\"post-content-bottom\">\n <h2 class=\"post-title\">\n\t<a href=\"https:\/\/brandartbylist.com\/es\/der-nerd-traegt-prada\/\" class=\"normal\">El empoll\u00f3n viste de Prada y se r\u00ede en la cara del lujo<\/a>\n<\/h2>\n <div class=\"post-hover-content\">\n <div class=\"entry-content\">\n\t<p>El momento en que el arte me atrajo. No fue amor a primera vista...<\/p>\n<\/div>\n <\/div>\n <\/div>\n <a href=\"https:\/\/brandartbylist.com\/es\/der-nerd-traegt-prada\/\"><div class=\"blog-bg-image-metro\" style=\"background:url(https:\/\/brandartbylist.com\/wp-content\/uploads\/2025\/09\/zappu99_a_quirky_stylish_nerd_in_oversized_Prada_clothes_conf_99a1cd68-39c6-4552-adf2-ba549eba3132_0.jpg) #f7f7f7;\"><\/div><\/a>\n <\/div>\n<\/article>\n<\/div><div class=\"grid-item metro-item2 tb-metro-item2\"><article id=\"post-1433\" class=\"post-1433 post type-post status-publish format-standard has-post-thumbnail hentry category-brandart-blog tag-artwear tag-basquiat-meets-louis tag-brandart tag-popkultur tag-streetart tag-tragbare-kunst tag-wearable-art\">\n\t<div class=\"blog-list-content\">\n <div class=\"post-content-bottom\">\n <h2 class=\"post-title\">\n\t<a href=\"https:\/\/brandartbylist.com\/es\/basquiat-meets-louis\/\" class=\"normal\">Basquiat conoce a Louis: corona, arte, confrontaci\u00f3n<\/a>\n<\/h2>\n <div class=\"post-hover-content\">\n <div class=\"entry-content\">\n\t<p>Lujo desbordante \u00bfVes el brillo? No es el oro, es la resistencia. \"Basquiat meets Louis...<\/p>\n<\/div>\n <\/div>\n <\/div>\n <a href=\"https:\/\/brandartbylist.com\/es\/basquiat-meets-louis\/\"><div class=\"blog-bg-image-metro\" style=\"background:url(https:\/\/brandartbylist.com\/wp-content\/uploads\/2025\/09\/Basquiat-meets-Louis-Mint-JM-Basquiat-1Cover.jpg) #f7f7f7;\"><\/div><\/a>\n <\/div>\n<\/article>\n<\/div><div class=\"grid-item metro-item3 tb-metro-item3\"><article id=\"post-1336\" class=\"post-1336 post type-post status-publish format-standard has-post-thumbnail hentry category-brandart-blog tag-kunst-im-alltag tag-luxusmll tag-tragbare-rebellion\">\n\t<div class=\"blog-list-content\">\n <div class=\"post-content-bottom\">\n <h2 class=\"post-title\">\n\t<a href=\"https:\/\/brandartbylist.com\/es\/von-der-wand-zur-hand-kunst-im-alltag\/\" class=\"normal\">De la pared a la mano: el arte en la vida cotidiana<\/a>\n<\/h2>\n <div class=\"post-hover-content\">\n <div class=\"entry-content\">\n\t<p>El arte se est\u00e1 escapando de las galer\u00edas para llegar a los hogares y las manos, transformando la basura de lujo en rebeli\u00f3n ponible... pero esta revoluci\u00f3n cultural se esconde...<\/p>\n<\/div>\n <\/div>\n <\/div>\n <a href=\"https:\/\/brandartbylist.com\/es\/von-der-wand-zur-hand-kunst-im-alltag\/\"><div class=\"blog-bg-image-metro\" style=\"background:url(https:\/\/brandartbylist.com\/wp-content\/uploads\/2025\/08\/art_in_everyday_life_zhkfv.jpg) #f7f7f7;\"><\/div><\/a>\n <\/div>\n<\/article>\n<\/div><div class=\"grid-item metro-item4 tb-metro-item4\"><article id=\"post-1341\" class=\"post-1341 post type-post status-publish format-standard has-post-thumbnail hentry category-brandart-blog tag-digitale-revolution tag-emoji-kunst tag-moderne-symbole\">\n\t<div class=\"blog-list-content\">\n <div class=\"post-content-bottom\">\n <h2 class=\"post-title\">\n\t<a href=\"https:\/\/brandartbylist.com\/es\/emojis-in-der-kunstgeschichte\/\" class=\"normal\">Emojis en la historia del arte<\/a>\n<\/h2>\n <div class=\"post-hover-content\">\n <div class=\"entry-content\">\n\t<p>Los s\u00edmbolos creados a partir de p\u00edxeles est\u00e1n reescribiendo tradiciones art\u00edsticas centenarias, pero la verdadera revoluci\u00f3n que se est\u00e1 produciendo en las galer\u00edas...<\/p>\n<\/div>\n <\/div>\n <\/div>\n <a href=\"https:\/\/brandartbylist.com\/es\/emojis-in-der-kunstgeschichte\/\"><div class=\"blog-bg-image-metro\" style=\"background:url(https:\/\/brandartbylist.com\/wp-content\/uploads\/2025\/08\/emojis_in_art_history_l22z0.jpg) #f7f7f7;\"><\/div><\/a>\n <\/div>\n<\/article>\n<\/div><div class=\"grid-item metro-item5 tb-metro-item5\"><article id=\"post-1331\" class=\"post-1331 post type-post status-publish format-standard has-post-thumbnail hentry category-brandart-blog tag-gemeinschaft-erleben tag-gen-z-style tag-luxus-darf-spass-machen tag-luxus-neu-denken\">\n\t<div class=\"blog-list-content\">\n <div class=\"post-content-bottom\">\n <h2 class=\"post-title\">\n\t<a href=\"https:\/\/brandartbylist.com\/es\/luxus-darf-spass-machen\/\" class=\"normal\">Por qu\u00e9 el lujo tambi\u00e9n puede ser divertido<\/a>\n<\/h2>\n <div class=\"post-hover-content\">\n <div class=\"entry-content\">\n\t<p>Rompiendo las r\u00edgidas reglas del lujo, la Generaci\u00f3n Z transforma Herm\u00e8s en arte callejero y Prada en...<\/p>\n<\/div>\n <\/div>\n <\/div>\n <a href=\"https:\/\/brandartbylist.com\/es\/luxus-darf-spass-machen\/\"><div class=\"blog-bg-image-metro\" style=\"background:url(https:\/\/brandartbylist.com\/wp-content\/uploads\/2025\/08\/luxury_can_be_enjoyable_cszqc.jpg) #f7f7f7;\"><\/div><\/a>\n <\/div>\n<\/article>\n<\/div><div class=\"grid-item metro-item6 tb-metro-item6\"><article id=\"post-1326\" class=\"post-1326 post type-post status-publish format-standard has-post-thumbnail hentry category-brandart-blog tag-kulturelle-geschichten tag-lebende-skulptur tag-tragbare-mode\">\n\t<div class=\"blog-list-content\">\n <div class=\"post-content-bottom\">\n <h2 class=\"post-title\">\n\t<a href=\"https:\/\/brandartbylist.com\/es\/was-ist-tragbare-kunst\/\" class=\"normal\">\u00bfQu\u00e9 es el arte ponible?<\/a>\n<\/h2>\n <div class=\"post-hover-content\">\n <div class=\"entry-content\">\n\t<p>Navegue por la fusi\u00f3n rebelde donde la moda se convierte en una escultura viviente y transforma su cuerpo en...<\/p>\n<\/div>\n <\/div>\n <\/div>\n <a href=\"https:\/\/brandartbylist.com\/es\/was-ist-tragbare-kunst\/\"><div class=\"blog-bg-image-metro\" style=\"background:url(https:\/\/brandartbylist.com\/wp-content\/uploads\/2025\/08\/wearable_art_expression_erfzc.jpg) #f7f7f7;\"><\/div><\/a>\n <\/div>\n<\/article>\n<\/div><div class=\"grid-item metro-item7 tb-metro-item7\"><article id=\"post-1318\" class=\"post-1318 post type-post status-publish format-standard has-post-thumbnail hentry category-brandart-blog tag-brandart tag-emoji tag-florale-struktur tag-handsigniert tag-krone tag-kunstkritik tag-kuenstlerische-transformation tag-kunstobjekt tag-luxus-mit-humor tag-magnetische-leinwand tag-manifest-in-rot tag-popkultur tag-ralf-list tag-statement-piece tag-tragbare-kunst tag-wearable-art\">\n\t<div class=\"blog-list-content\">\n <div class=\"post-content-bottom\">\n <h2 class=\"post-title\">\n\t<a href=\"https:\/\/brandartbylist.com\/es\/manifest-in-rot\/\" class=\"normal\">El lujo puede re\u00edr: un manifiesto en rojo<\/a>\n<\/h2>\n <div class=\"post-hover-content\">\n <div class=\"entry-content\">\n\t<p>Cuando la pantalla ve rojo. Roja. No como una advertencia, sino como una invitaci\u00f3n. Sino como invitaci\u00f3n. Luminous....<\/p>\n<\/div>\n <\/div>\n <\/div>\n <a href=\"https:\/\/brandartbylist.com\/es\/manifest-in-rot\/\"><div class=\"blog-bg-image-metro\" style=\"background:url(https:\/\/brandartbylist.com\/wp-content\/uploads\/2025\/08\/0033-25-2.jpg) #f7f7f7;\"><\/div><\/a>\n <\/div>\n<\/article>\n<\/div><div class=\"grid-item metro-item8 tb-metro-item8\"><article id=\"post-1277\" class=\"post-1277 post type-post status-publish format-standard has-post-thumbnail hentry category-brandart-blog tag-1-1-edition tag-brandart tag-chanel tag-co-creation tag-dior tag-emoji-art tag-gucci tag-handsigniert tag-hermes tag-krone tag-kunst-im-alltag tag-kunstfreiheit tag-kuenstlerische-transformation tag-louis-vuitton tag-luxus-als-statement tag-magnetische-leinwand tag-patina tag-prada tag-seidenrosen tag-statement-piece tag-tragbare-kunst tag-upcycling-luxury tag-wearable-art\">\n\t<div class=\"blog-list-content\">\n <div class=\"post-content-bottom\">\n <h2 class=\"post-title\">\n\t<a href=\"https:\/\/brandartbylist.com\/es\/wearable-art\/\" class=\"normal\">Arte para llevar puesto: arte que va contigo<\/a>\n<\/h2>\n <div class=\"post-hover-content\">\n <div class=\"entry-content\">\n\t<p>Wearable art no es una palabra de moda. Es una promesa: El arte sale de la vitrina, respira aire fresco...<\/p>\n<\/div>\n <\/div>\n <\/div>\n <a href=\"https:\/\/brandartbylist.com\/es\/wearable-art\/\"><div class=\"blog-bg-image-metro\" style=\"background:url(https:\/\/brandartbylist.com\/wp-content\/uploads\/2025\/08\/Wearable-Art.jpg) #f7f7f7;\"><\/div><\/a>\n <\/div>\n<\/article>\n<\/div><div class=\"grid-item metro-item9 tb-metro-item9\"><article id=\"post-1250\" class=\"post-1250 post type-post status-publish format-standard has-post-thumbnail hentry category-brandart-blog tag-1-1-edition tag-brandart tag-bronze-leinwand tag-emoji-art tag-krone tag-kunstfreiheit tag-kuenstlerische-transformation tag-lv-portemonnaie tag-patina tag-popkultur tag-seidenrosen tag-tragbare-kunst tag-wearable-art\">\n\t<div class=\"blog-list-content\">\n <div class=\"post-content-bottom\">\n <h2 class=\"post-title\">\n\t<a href=\"https:\/\/brandartbylist.com\/es\/lv-portemonnaie-008-21\/\" class=\"normal\">Drama, glamour y un toque de misterio<\/a>\n<\/h2>\n <div class=\"post-hover-content\">\n <div class=\"entry-content\">\n\t<p>Drama, glamour y un toque de misterio: \u00a1cuando una cartera se convierte en un escenario! Me encanta...<\/p>\n<\/div>\n <\/div>\n <\/div>\n <a href=\"https:\/\/brandartbylist.com\/es\/lv-portemonnaie-008-21\/\"><div class=\"blog-bg-image-metro\" style=\"background:url(https:\/\/brandartbylist.com\/wp-content\/uploads\/2025\/07\/BrandArt_by_List_009.jpg) #f7f7f7;\"><\/div><\/a>\n <\/div>\n<\/article>\n<\/div><div class=\"grid-item metro-item10 tb-metro-item10\"><article id=\"post-1193\" class=\"post-1193 post type-post status-publish format-standard has-post-thumbnail hentry category-brandart-blog tag-brandart-by-list tag-co-creation-art tag-designer-upcycling tag-hermes-streetstyle tag-high-fashion tag-kunst-im-urbanen-raum tag-kunst-trifft-mode tag-louis-vuitton-art tag-luxuskunst tag-popkultur-in-der-kunst tag-prada-art-piece tag-streetart tag-tragbare-kunst tag-urban-art tag-wearable-art\">\n\t<div class=\"blog-list-content\">\n <div class=\"post-content-bottom\">\n <h2 class=\"post-title\">\n\t<a href=\"https:\/\/brandartbylist.com\/es\/luxus-leinwand\/\" class=\"normal\">El lujo es como un lienzo: hazlo tuyo<\/a>\n<\/h2>\n <div class=\"post-hover-content\">\n <div class=\"entry-content\">\n\t<p>Antes, el lujo era un s\u00edmbolo de estatus. Hoy es una superficie de proyecci\u00f3n. BrandArt by LIST toma esta superficie...<\/p>\n<\/div>\n <\/div>\n <\/div>\n <a href=\"https:\/\/brandartbylist.com\/es\/luxus-leinwand\/\"><div class=\"blog-bg-image-metro\" style=\"background:url(https:\/\/brandartbylist.com\/wp-content\/uploads\/2025\/08\/Luxus_Kunst_Leinwand_026.jpg) #f7f7f7;\"><\/div><\/a>\n <\/div>\n<\/article>\n<\/div><div class=\"grid-item metro-item1 tb-metro-item1\"><article id=\"post-1165\" class=\"post-1165 post type-post status-publish format-standard has-post-thumbnail hentry category-brandart-blog tag-brandart-by-list tag-kunst-im-urbanen-raum tag-louis-vuitton-kunst tag-luxus-trifft-streetart tag-streetart-trifft-high-fashion tag-tragbare-kunstwerke\">\n\t<div class=\"blog-list-content\">\n <div class=\"post-content-bottom\">\n <h2 class=\"post-title\">\n\t<a href=\"https:\/\/brandartbylist.com\/es\/streetart-trifft-high-fashion\/\" class=\"normal\">Del muro a la calle: el arte callejero se une a la alta costura<\/a>\n<\/h2>\n <div class=\"post-hover-content\">\n <div class=\"entry-content\">\n\t<p>BrandArt by LIST es sin\u00f3nimo de arte que no se detiene. Traigo objetos de lujo exclusivos - desde Louis...<\/p>\n<\/div>\n <\/div>\n <\/div>\n <a href=\"https:\/\/brandartbylist.com\/es\/streetart-trifft-high-fashion\/\"><div class=\"blog-bg-image-metro\" style=\"background:url(https:\/\/brandartbylist.com\/wp-content\/uploads\/2025\/08\/the-dummy-standing-on-the-evening-street-with-people.jpg) #f7f7f7;\"><\/div><\/a>\n <\/div>\n<\/article>\n<\/div><div class=\"grid-item metro-item2 tb-metro-item2\"><article id=\"post-1158\" class=\"post-1158 post type-post status-publish format-standard has-post-thumbnail hentry category-brandart-blog tag-brandart-by-list tag-designer-portemonnaie tag-emojis-auf-kunstwerken tag-gelebter-luxus tag-ikonisches-design tag-individualitaet-durch-gebrauch tag-kunst-als-statement tag-kunst-im-alltag tag-kunst-trifft-luxus tag-kunst-und-konsumkritik tag-kunst-zum-mitnehmen tag-kunstobjekt-mit-funktion tag-limited-edition-art tag-louis-vuitton-kunst tag-luxus-accessoire tag-luxuskunst tag-patina-als-stil tag-tragbare-kunst tag-unikate-mit-geschichte tag-used-look-luxus\">\n\t<div class=\"blog-list-content\">\n <div class=\"post-content-bottom\">\n <h2 class=\"post-title\">\n\t<a href=\"https:\/\/brandartbylist.com\/es\/luxus-portemonnaie\/\" class=\"normal\">A Una cartera se convierte en un icono - cada toque la hace m\u00e1s valiosa se convierte en un icono - cada toque la hace m\u00e1s valiosa<\/a>\n<\/h2>\n <div class=\"post-hover-content\">\n <div class=\"entry-content\">\n\t<p>\u00bfQu\u00e9 queda del lujo si permanece inmaculado? Una cartera en una vitrina puede ser cara, pero...<\/p>\n<\/div>\n <\/div>\n <\/div>\n <a href=\"https:\/\/brandartbylist.com\/es\/luxus-portemonnaie\/\"><div class=\"blog-bg-image-metro\" style=\"background:url(https:\/\/brandartbylist.com\/wp-content\/uploads\/2025\/08\/BrandArt-Luxus-Portemonnaie.jpg) #f7f7f7;\"><\/div><\/a>\n <\/div>\n<\/article>\n<\/div><\/div><div class=\"theplus-pagination\"><span class=\"current\">1<\/span><a href='https:\/\/brandartbylist.com\/es\/wp-json\/wp\/v2\/pages\/422\/page\/2\/' class=\"inactive\">2<\/a><a class='paginate-next' href='https:\/\/brandartbylist.com\/es\/wp-json\/wp\/v2\/pages\/422\/page\/2\/'>Siguiente ...<i class='fas fa-long-arrow-alt-right' aria-hidden='true'><\/i><\/a><\/div>\n<\/div> <\/div>\n <\/div>\n <\/div>\n <\/div>\n <\/section>\n <\/div>","protected":false},"excerpt":{"rendered":"<p>En este blog, LIST habla de las ideas que hay detr\u00e1s de las obras, reflexiona sobre el lujo, el consumo y la identidad, y deja que el arte viva donde empiezan las palabras.<\/p>","protected":false},"author":1,"featured_media":898,"parent":0,"menu_order":0,"comment_status":"closed","ping_status":"closed","template":"elementor_header_footer","meta":{"footnotes":""},"class_list":["post-422","page","type-page","status-publish","has-post-thumbnail","hentry"],"_links":{"self":[{"href":"https:\/\/brandartbylist.com\/es\/wp-json\/wp\/v2\/pages\/422","targetHints":{"allow":["GET"]}}],"collection":[{"href":"https:\/\/brandartbylist.com\/es\/wp-json\/wp\/v2\/pages"}],"about":[{"href":"https:\/\/brandartbylist.com\/es\/wp-json\/wp\/v2\/types\/page"}],"author":[{"embeddable":true,"href":"https:\/\/brandartbylist.com\/es\/wp-json\/wp\/v2\/users\/1"}],"replies":[{"embeddable":true,"href":"https:\/\/brandartbylist.com\/es\/wp-json\/wp\/v2\/comments?post=422"}],"version-history":[{"count":0,"href":"https:\/\/brandartbylist.com\/es\/wp-json\/wp\/v2\/pages\/422\/revisions"}],"wp:featuredmedia":[{"embeddable":true,"href":"https:\/\/brandartbylist.com\/es\/wp-json\/wp\/v2\/media\/898"}],"wp:attachment":[{"href":"https:\/\/brandartbylist.com\/es\/wp-json\/wp\/v2\/media?parent=422"}],"curies":[{"name":"wp","href":"https:\/\/api.w.org\/{rel}","templated":true}]}}