{"id":674,"date":"2025-07-22T14:32:33","date_gmt":"2025-07-22T14:32:33","guid":{"rendered":"https:\/\/ig-lifestyle.com\/?page_id=674"},"modified":"2026-04-12T14:27:14","modified_gmt":"2026-04-12T12:27:14","slug":"el-artista","status":"publish","type":"page","link":"https:\/\/brandartbylist.com\/es\/der-kuenstler\/","title":{"rendered":"El artista"},"content":{"rendered":"<div data-elementor-type=\"wp-page\" data-elementor-id=\"674\" class=\"elementor elementor-674\" data-elementor-post-type=\"page\">\n <section class=\"elementor-section elementor-top-section elementor-element elementor-element-6e7ef36a elementor-section-boxed elementor-section-height-default elementor-section-height-default\" data-id=\"6e7ef36a\" data-element_type=\"section\" data-e-type=\"section\" data-settings=\"{&quot;shape_divider_bottom&quot;:&quot;waves&quot;,&quot;background_background&quot;:&quot;classic&quot;}\">\n <div class=\"elementor-background-overlay\"><\/div>\n <div class=\"elementor-shape elementor-shape-bottom\" aria-hidden=\"true\" data-negative=\"false\">\n <svg xmlns=\"http:\/\/www.w3.org\/2000\/svg\" viewbox=\"0 0 1000 100\" preserveaspectratio=\"none\">\n\t<path class=\"elementor-shape-fill\" d=\"M421.9,6.5c22.6-2.5,51.5,0.4,75.5,5.3c23.6,4.9,70.9,23.5,100.5,35.7c75.8,32.2,133.7,44.5,192.6,49.7\tc23.6,2.1,48.7,3.5,103.4-2.5c54.7-6,106.2-25.6,106.2-25.6V0H0v30.3c0,0,72,32.6,158.4,30.5c39.2-0.7,92.8-6.7,134-22.4\tc21.2-8.1,52.2-18.2,79.7-24.2C399.3,7.9,411.6,7.5,421.9,6.5z\"\/>\n<\/svg> <\/div>\n <div class=\"elementor-container elementor-column-gap-default\">\n <div class=\"elementor-column elementor-col-100 elementor-top-column elementor-element elementor-element-419cd981\" data-id=\"419cd981\" data-element_type=\"column\" data-e-type=\"column\">\n <div class=\"elementor-widget-wrap elementor-element-populated\">\n <div class=\"elementor-element elementor-element-550a2453 elementor-widget__width-initial elementor-widget elementor-widget-heading\" data-id=\"550a2453\" data-element_type=\"widget\" data-e-type=\"widget\" data-widget_type=\"heading.default\">\n <h1 class=\"elementor-heading-title elementor-size-default\">El artista<\/h1> <\/div>\n <\/div>\n <\/div>\n <\/div>\n <\/section>\n <section class=\"elementor-section elementor-top-section elementor-element elementor-element-1bb85d7b elementor-section-boxed elementor-section-height-default elementor-section-height-default\" data-id=\"1bb85d7b\" data-element_type=\"section\" data-e-type=\"section\">\n <div class=\"elementor-container elementor-column-gap-extended\">\n <div class=\"elementor-column elementor-col-50 elementor-top-column elementor-element elementor-element-4e324d09\" data-id=\"4e324d09\" data-element_type=\"column\" data-e-type=\"column\">\n <div class=\"elementor-widget-wrap elementor-element-populated\">\n <div class=\"elementor-element elementor-element-f5027f3 elementor-widget elementor-widget-image\" data-id=\"f5027f3\" data-element_type=\"widget\" data-e-type=\"widget\" data-widget_type=\"image.default\">\n <img decoding=\"async\" width=\"800\" height=\"1016\" src=\"https:\/\/brandartbylist.com\/wp-content\/uploads\/2025\/07\/list-smile-galerie-806x1024.jpg\" class=\"attachment-large size-large wp-image-620\" alt=\"\" srcset=\"https:\/\/brandartbylist.com\/wp-content\/uploads\/2025\/07\/list-smile-galerie-806x1024.jpg 806w, https:\/\/brandartbylist.com\/wp-content\/uploads\/2025\/07\/list-smile-galerie-1000x1271.jpg 1000w, https:\/\/brandartbylist.com\/wp-content\/uploads\/2025\/07\/list-smile-galerie-236x300.jpg 236w, https:\/\/brandartbylist.com\/wp-content\/uploads\/2025\/07\/list-smile-galerie-768x976.jpg 768w, https:\/\/brandartbylist.com\/wp-content\/uploads\/2025\/07\/list-smile-galerie-1209x1536.jpg 1209w, https:\/\/brandartbylist.com\/wp-content\/uploads\/2025\/07\/list-smile-galerie.jpg 1231w\" sizes=\"(max-width: 800px) 100vw, 800px\" title=\"\"> <\/div>\n <div class=\"elementor-element elementor-element-2ece394b elementor-widget elementor-widget-heading\" data-id=\"2ece394b\" data-element_type=\"widget\" data-e-type=\"widget\" data-widget_type=\"heading.default\">\n <h5 class=\"elementor-heading-title elementor-size-default\">PROYECTO<\/h5> <\/div>\n <div class=\"elementor-element elementor-element-27e1d178 elementor-widget__width-initial elementor-widget-mobile__width-inherit elementor-widget elementor-widget-text-editor\" data-id=\"27e1d178\" data-element_type=\"widget\" data-e-type=\"widget\" data-widget_type=\"text-editor.default\">\n <p>BrandArt<\/p> <\/div>\n <div class=\"elementor-element elementor-element-6e368c3a elementor-widget elementor-widget-heading\" data-id=\"6e368c3a\" data-element_type=\"widget\" data-e-type=\"widget\" data-widget_type=\"heading.default\">\n <h5 class=\"elementor-heading-title elementor-size-default\">Artista<\/h5> <\/div>\n <div class=\"elementor-element elementor-element-52d02ae2 elementor-widget__width-initial elementor-widget-mobile__width-inherit elementor-widget elementor-widget-text-editor\" data-id=\"52d02ae2\" data-element_type=\"widget\" data-e-type=\"widget\" data-widget_type=\"text-editor.default\">\n <p>Ralf List<\/p> <\/div>\n <div class=\"elementor-element elementor-element-7139b343 elementor-widget elementor-widget-heading\" data-id=\"7139b343\" data-element_type=\"widget\" data-e-type=\"widget\" data-widget_type=\"heading.default\">\n <h5 class=\"elementor-heading-title elementor-size-default\">A\u00d1O<\/h5> <\/div>\n <div class=\"elementor-element elementor-element-1041b60c elementor-widget__width-initial elementor-widget-mobile__width-inherit elementor-widget elementor-widget-text-editor\" data-id=\"1041b60c\" data-element_type=\"widget\" data-e-type=\"widget\" data-widget_type=\"text-editor.default\">\n <p>1963 - Hoy<\/p> <\/div>\n <div class=\"elementor-element elementor-element-28188d0d elementor-widget elementor-widget-heading\" data-id=\"28188d0d\" data-element_type=\"widget\" data-e-type=\"widget\" data-widget_type=\"heading.default\">\n <h5 class=\"elementor-heading-title elementor-size-default\">Dise\u00f1ador<\/h5> <\/div>\n <div class=\"elementor-element elementor-element-47da3279 elementor-widget__width-initial elementor-widget-mobile__width-inherit elementor-widget elementor-widget-text-editor\" data-id=\"47da3279\" data-element_type=\"widget\" data-e-type=\"widget\" data-widget_type=\"text-editor.default\">\n <p>Louis Vuitton, Herm\u00e8s, Prada, Maison Margiela, Bugatti, Rolex y muchos m\u00e1s.<\/p> <\/div>\n <\/div>\n <\/div>\n <div class=\"elementor-column elementor-col-50 elementor-top-column elementor-element elementor-element-1ff3d274\" data-id=\"1ff3d274\" data-element_type=\"column\" data-e-type=\"column\">\n <div class=\"elementor-widget-wrap elementor-element-populated\">\n <div class=\"elementor-element elementor-element-177468c text-center text--mobilecenter elementor-widget elementor-widget-tp-blockquote\" data-id=\"177468c\" data-element_type=\"widget\" data-e-type=\"widget\" data-widget_type=\"tp-blockquote.default\">\n <div class=\"pt-plus-text-block-wrapper\" ><div class=\"text_block_parallax\"><div class=\"plus_blockquote quote-style-1 none\" ><blockquote class=\"quote-text\"><span class=\"tp-bq-desc\"><p>\"El arte comienza en el momento en que un producto de masas se desvincula de su funci\u00f3n, de su marca, de su valor\"<\/p><\/span><\/blockquote><\/div><\/div><\/div> <\/div>\n <div class=\"elementor-element elementor-element-84780b5 elementor-widget elementor-widget-text-editor\" data-id=\"84780b5\" data-element_type=\"widget\" data-e-type=\"widget\" data-widget_type=\"text-editor.default\">\n <p><a class=\"wpil_keyword_link\" href=\"https:\/\/brandartbylist.com\/es\/brandart-blog-por-lista\/\" title=\"Blog BrandArt por Lista\" data-wpil-keyword-link=\"linked\" data-wpil-monitor-id=\"51063\">Ralf List<\/a>, nacido en 1963 en Aquisgr\u00e1n (Alemania), es un artista visionario y fundador del revolucionario movimiento \u201eBrandArt\".<\/p><p>Su obra art\u00edstica y sus logros empresariales le han convertido en una personalidad fascinante en el mundo del arte.<\/p><p>Como empresario, Ralf List se hizo famoso por su desarrollo \u00fanico en el mundo del \"Botox org\u00e1nico\", un innovador producto cosm\u00e9tico. Los medios internacionales informan de que numerosas celebridades como Kate Middleton, Michelle Obama, Madonna, Leonardo DiCarpio y muchos m\u00e1s se cuentan entre sus clientes.<\/p><p>Tras la exitosa venta de su empresa, Ralf List decidi\u00f3 dedicar su vida a su arte \u00fanico.<\/p><p>Fund\u00f3 el movimiento \"BrandArt\" y representa una fusi\u00f3n innovadora de marcas de lujo y arte contempor\u00e1neo. Sus obras van m\u00e1s all\u00e1 de la pintura tradicional al combinar productos originales de marcas conocidas con su propia interpretaci\u00f3n.<\/p><p>El arte de Ralf List tiene demanda internacional y act\u00faa como puente cultural entre el arte, el dise\u00f1o y la sociedad. Sus obras inspiran y abren nuevas perspectivas sobre la relaci\u00f3n entre los bienes de consumo y el arte. Con su visi\u00f3n \u00fanica y su sensibilidad art\u00edstica, Ralf List ha dejado una huella significativa en la escena del arte contempor\u00e1neo y sigue marcando la pauta de la innovaci\u00f3n creativa y el intercambio cultural.<\/p> <\/div>\n <\/div>\n <\/div>\n <\/div>\n <\/section>\n <\/div>","protected":false},"excerpt":{"rendered":"<p>Der K\u00fcnstler PROJECT BrandArt Artist Ralf List YEAR 1963 &#8211; Today Designer Louis Vuitton, Herm\u00e8s, Prada, Maison Margiela, Bugatti, Rolex u.v.m. &#8222;Kunst beginnt in dem Moment, in dem ein Massenprodukt entkoppelt wird &#8211; von seiner Funktion, von seiner Marke, von seinem Wert&#8220; Ralf List, geboren 1963 in Aachen, Deutschland, ist ein vision\u00e4rer K\u00fcnstler und der [&hellip;]<\/p>\n","protected":false},"author":1,"featured_media":612,"parent":0,"menu_order":0,"comment_status":"closed","ping_status":"closed","template":"elementor_header_footer","meta":{"footnotes":""},"class_list":["post-674","page","type-page","status-publish","has-post-thumbnail","hentry"],"_links":{"self":[{"href":"https:\/\/brandartbylist.com\/es\/wp-json\/wp\/v2\/pages\/674","targetHints":{"allow":["GET"]}}],"collection":[{"href":"https:\/\/brandartbylist.com\/es\/wp-json\/wp\/v2\/pages"}],"about":[{"href":"https:\/\/brandartbylist.com\/es\/wp-json\/wp\/v2\/types\/page"}],"author":[{"embeddable":true,"href":"https:\/\/brandartbylist.com\/es\/wp-json\/wp\/v2\/users\/1"}],"replies":[{"embeddable":true,"href":"https:\/\/brandartbylist.com\/es\/wp-json\/wp\/v2\/comments?post=674"}],"version-history":[{"count":0,"href":"https:\/\/brandartbylist.com\/es\/wp-json\/wp\/v2\/pages\/674\/revisions"}],"wp:featuredmedia":[{"embeddable":true,"href":"https:\/\/brandartbylist.com\/es\/wp-json\/wp\/v2\/media\/612"}],"wp:attachment":[{"href":"https:\/\/brandartbylist.com\/es\/wp-json\/wp\/v2\/media?parent=674"}],"curies":[{"name":"wp","href":"https:\/\/api.w.org\/{rel}","templated":true}]}}