{"id":958,"date":"2025-07-30T15:55:53","date_gmt":"2025-07-30T15:55:53","guid":{"rendered":"https:\/\/ig-lifestyle.com\/?page_id=958"},"modified":"2026-04-12T14:27:11","modified_gmt":"2026-04-12T12:27:11","slug":"imprimir","status":"publish","type":"page","link":"https:\/\/brandartbylist.com\/es\/impressum\/","title":{"rendered":"Pie de imprenta"},"content":{"rendered":"<p>Responsable del contenido seg\u00fan \u00a7 55 Abs. 2 RStV:<\/p>\n\n\n\n<p>Lista Green Lab GmbH &amp; Co KG<br>Representado por el Director General <a class=\"wpil_keyword_link\" href=\"https:\/\/brandartbylist.com\/es\/el-artista\/\" title=\"El artista\" data-wpil-keyword-link=\"linked\" data-wpil-monitor-id=\"51027\">Ralf List<\/a><br>Wallstrasse 18-20, D-52064 Aquisgr\u00e1n<\/p>\n\n\n\n<p>Tel: +49-176-96616882<\/p>\n\n\n\n<p>Correo electr\u00f3nico:&nbsp;<a href=\"mailto:info@brandartbylist.com\">info@brandartbylist.com<\/a><\/p>\n\n\n\n<p>BrandArt es una marca registrada con el n\u00ba: 30 2023 237 722<\/p>\n\n\n\n<p>El propietario de la marca es List Green Lab GmbH &amp; Co KG, HRB: 331790904, Juzgado de Primera Instancia de Aquisgr\u00e1n.<\/p>\n\n\n\n<div style=\"height:31px\" aria-hidden=\"true\" class=\"wp-block-spacer\"><\/div>\n\n\n\n<p><strong>Modelo de negocio e informaci\u00f3n jur\u00eddica sobre transformaci\u00f3n art\u00edstica:<\/strong><\/p>\n\n\n\n<div style=\"height:35px\" aria-hidden=\"true\" class=\"wp-block-spacer\"><\/div>\n\n\n\n<p><a title=\"El lujo es como un lienzo: hazlo tuyo\" data-wpil-monitor-id=\"5\" href=\"\/es\/lona-de-lujo\/\">BrandArt de LIST<\/a> presenta obras de arte \u00fanicas creadas mediante la transformaci\u00f3n art\u00edstica de productos originales usados de marcas de lujo de renombre como Louis Vuitton, Herm\u00e8s, Prada, Gucci, Dior y Chanel. <a class=\"wpil_keyword_link\" href=\"https:\/\/brandartbylist.com\/es\/brandart-blog-por-lista\/\" title=\"Blog BrandArt por Lista\" data-wpil-keyword-link=\"linked\" data-wpil-monitor-id=\"51062\">Ralf List<\/a> pinta estos objetos con emojis, s\u00edmbolos (por ejemplo, de Jean-Michel Basquiat) y los firma. <\/p>\n\n\n\n<div style=\"height:35px\" aria-hidden=\"true\" class=\"wp-block-spacer\"><\/div>\n\n\n\n<p>Se se\u00f1ala expresamente que los productos presentados en este sitio web son puras obras de arte (piezas \u00fanicas) y no art\u00edculos de moda. Son el resultado de una transformaci\u00f3n art\u00edstica y est\u00e1n sujetos a la libertad art\u00edstica del artista. No se hace publicidad de ninguna marca ni se crea una impresi\u00f3n oficial del fabricante. Las obras est\u00e1n claramente modificadas art\u00edsticamente como productos originales y no est\u00e1n etiquetadas como \u201eproductos de marca\/logotipo\u201c oficiales.<\/p>\n\n\n\n<div style=\"height:35px\" aria-hidden=\"true\" class=\"wp-block-spacer\"><\/div>","protected":false},"excerpt":{"rendered":"<p>Inhaltlich Verantwortlicher gem\u00e4\u00df \u00a7 55 Abs. 2 RStV: List Green Lab GmbH &amp; Co KGVertreten durch den Gesch\u00e4ftsf\u00fchrer Ralf ListWallstrasse 18-20, D-52064 Aachen Tel: +49-176-96616882 Email:&nbsp;info@brandartbylist.com BrandArt ist eine gesch\u00fctzte Marke mit Nr: 30 2023 237 722 Inhaber der Marke ist die List Green Lab GmbH &amp; Co KG, HRB: 331790904, Amtsgericht Aachen Gesch\u00e4ftsmodell und [&hellip;]<\/p>\n","protected":false},"author":1,"featured_media":1357,"parent":0,"menu_order":0,"comment_status":"closed","ping_status":"closed","template":"","meta":{"footnotes":""},"class_list":["post-958","page","type-page","status-publish","has-post-thumbnail","hentry"],"_links":{"self":[{"href":"https:\/\/brandartbylist.com\/es\/wp-json\/wp\/v2\/pages\/958","targetHints":{"allow":["GET"]}}],"collection":[{"href":"https:\/\/brandartbylist.com\/es\/wp-json\/wp\/v2\/pages"}],"about":[{"href":"https:\/\/brandartbylist.com\/es\/wp-json\/wp\/v2\/types\/page"}],"author":[{"embeddable":true,"href":"https:\/\/brandartbylist.com\/es\/wp-json\/wp\/v2\/users\/1"}],"replies":[{"embeddable":true,"href":"https:\/\/brandartbylist.com\/es\/wp-json\/wp\/v2\/comments?post=958"}],"version-history":[{"count":0,"href":"https:\/\/brandartbylist.com\/es\/wp-json\/wp\/v2\/pages\/958\/revisions"}],"wp:featuredmedia":[{"embeddable":true,"href":"https:\/\/brandartbylist.com\/es\/wp-json\/wp\/v2\/media\/1357"}],"wp:attachment":[{"href":"https:\/\/brandartbylist.com\/es\/wp-json\/wp\/v2\/media?parent=958"}],"curies":[{"name":"wp","href":"https:\/\/api.w.org\/{rel}","templated":true}]}}