{"id":1209,"date":"2025-08-10T10:07:44","date_gmt":"2025-08-10T10:07:44","guid":{"rendered":"https:\/\/brandartbylist.com\/?page_id=1209"},"modified":"2025-08-21T11:20:47","modified_gmt":"2025-08-21T09:20:47","slug":"table-des-matieres","status":"publish","type":"page","link":"https:\/\/brandartbylist.com\/fr\/inhaltsverzeichnis\/","title":{"rendered":"Table des mati\u00e8res"},"content":{"rendered":"<p>L'ordre dans le chaos. Une table des mati\u00e8res. Cela semble aust\u00e8re - mais \u00e7a ne l'est pas. Tu trouveras ici les chemins \u00e0 travers le maquis de BrandArt. Des textes, des \u0153uvres, des d\u00e9clarations. Pas de blabla, pas de phrases toutes faites. Rien que du texte clair sur l'art qui ne se cache pas.<\/p>\n\n\n\n<p>C'est le fil conducteur d'une attitude : d\u00e9composer le luxe, d\u00e9masquer la consommation, recomposer les symboles. BrandArt n'est pas un accessoire de d\u00e9coration. C'est de la friction. C'est de l'humour avec des larmes dans les yeux. Et tu peux lire ici comment tout cela s'assemble.<\/p>\n\n\n<div class=\"rank-math-html-sitemap\"><div class=\"rank-math-html-sitemap__section rank-math-html-sitemap__section--post-type rank-math-html-sitemap__section--post\"><h2 class=\"rank-math-html-sitemap__title\">Articles<\/h2><ul class=\"rank-math-html-sitemap__list\"><li class=\"rank-math-html-sitemap__item\"><a href=\"https:\/\/brandartbylist.com\/fr\/le-street-art-rencontre-la-haute-couture\/\" class=\"rank-math-html-sitemap__link\">Du mur \u00e0 la rue - le street art rencontre la haute couture<\/a><\/li><li class=\"rank-math-html-sitemap__item\"><a href=\"https:\/\/brandartbylist.com\/fr\/art-a-emporter\/\" class=\"rank-math-html-sitemap__link\">L'art \u00e0 emporter - un luxe qui vit<\/a><\/li><li class=\"rank-math-html-sitemap__item\"><a href=\"https:\/\/brandartbylist.com\/fr\/le-luxe-a-message\/\" class=\"rank-math-html-sitemap__link\">Les emojis disent la v\u00e9rit\u00e9 - le luxe avec un message<\/a><\/li><li class=\"rank-math-html-sitemap__item\"><a href=\"https:\/\/brandartbylist.com\/fr\/toile-de-luxe\/\" class=\"rank-math-html-sitemap__link\">Le luxe est comme une toile - fais-en ta propre toile<\/a><\/li><li class=\"rank-math-html-sitemap__item\"><a href=\"https:\/\/brandartbylist.com\/fr\/porte-monnaie-de-luxe\/\" class=\"rank-math-html-sitemap__link\">Un porte-monnaie devient une ic\u00f4ne - chaque contact le rend plus pr\u00e9cieux devient une ic\u00f4ne - chaque contact le rend plus pr\u00e9cieux<\/a><\/li><li class=\"rank-math-html-sitemap__item\"><a href=\"https:\/\/brandartbylist.com\/fr\/des-artistes-contre-la-faim-a-gaza\/\" class=\"rank-math-html-sitemap__link\">Des artistes contre la faim \u00e0 Gaza<\/a><\/li><li class=\"rank-math-html-sitemap__item\"><a href=\"https:\/\/brandartbylist.com\/fr\/entre-les-fleurs-et-les-incendies\/\" class=\"rank-math-html-sitemap__link\">Entre les fleurs et les marques<\/a><\/li><\/ul><\/div><div class=\"rank-math-html-sitemap__section rank-math-html-sitemap__section--post-type rank-math-html-sitemap__section--page\"><h2 class=\"rank-math-html-sitemap__title\">Pages<\/h2><ul class=\"rank-math-html-sitemap__list\"><li class=\"rank-math-html-sitemap__item\"><a href=\"https:\/\/brandartbylist.com\/fr\" class=\"rank-math-html-sitemap__link\">BrandArt by List Galerie d'art en ligne<\/a><\/li><li class=\"rank-math-html-sitemap__item\"><a href=\"https:\/\/brandartbylist.com\/fr\/contact\/\" class=\"rank-math-html-sitemap__link\">Contact<\/a><\/li><li class=\"rank-math-html-sitemap__item\"><a href=\"https:\/\/brandartbylist.com\/fr\/table-des-matieres\/\" class=\"rank-math-html-sitemap__link\">Table des mati\u00e8res<\/a><\/li><li class=\"rank-math-html-sitemap__item\"><a href=\"https:\/\/brandartbylist.com\/fr\/mentions-legales\/\" class=\"rank-math-html-sitemap__link\">Mentions l\u00e9gales<\/a><\/li><li class=\"rank-math-html-sitemap__item\"><a href=\"https:\/\/brandartbylist.com\/fr\/directive-europeenne-sur-les-cookies\/\" class=\"rank-math-html-sitemap__link\">Directive sur les cookies (UE)<\/a><\/li><li class=\"rank-math-html-sitemap__item\"><a href=\"https:\/\/brandartbylist.com\/fr\/a-propos-de-brandart-by-list\/\" class=\"rank-math-html-sitemap__link\">\u00c0 propos de BrandArt by List<\/a><\/li><li class=\"rank-math-html-sitemap__item\"><a href=\"https:\/\/brandartbylist.com\/fr\/lartiste\/\" class=\"rank-math-html-sitemap__link\">L'artiste<\/a><\/li><li class=\"rank-math-html-sitemap__item\"><a href=\"https:\/\/brandartbylist.com\/fr\/declaration-de-protection-des-donnees\/\" class=\"rank-math-html-sitemap__link\">D\u00e9claration de confidentialit\u00e9<\/a><\/li><li class=\"rank-math-html-sitemap__item\"><a href=\"https:\/\/brandartbylist.com\/fr\/panier-dachat\/\" class=\"rank-math-html-sitemap__link\">Panier d'achat<\/a><\/li><li class=\"rank-math-html-sitemap__item\"><a href=\"https:\/\/brandartbylist.com\/fr\/mon-compte\/\" class=\"rank-math-html-sitemap__link\">Mon compte<\/a><\/li><li class=\"rank-math-html-sitemap__item\"><a href=\"https:\/\/brandartbylist.com\/fr\/kasse\/\" class=\"rank-math-html-sitemap__link\">Caisse<\/a><\/li><li class=\"rank-math-html-sitemap__item\"><a href=\"https:\/\/brandartbylist.com\/fr\/boutique\/\" class=\"rank-math-html-sitemap__link\">Boutique<\/a><\/li><li class=\"rank-math-html-sitemap__item\"><a href=\"https:\/\/brandartbylist.com\/fr\/brandart-blog-by-list\/\" class=\"rank-math-html-sitemap__link\">Blog de BrandArt par List<\/a><\/li><\/ul><\/div><div class=\"rank-math-html-sitemap__section rank-math-html-sitemap__section--post-type rank-math-html-sitemap__section--product\"><h2 class=\"rank-math-html-sitemap__title\">Produits<\/h2><ul class=\"rank-math-html-sitemap__list\"><li class=\"rank-math-html-sitemap__item\"><a href=\"https:\/\/brandartbylist.com\/fr\/sourire-sil-vous-plait-le-luxe-peut-etre-un-plaisir\/\" class=\"rank-math-html-sitemap__link\">Souriez, s'il vous pla\u00eet - le luxe peut \u00eatre un plaisir !<\/a><\/li><li class=\"rank-math-html-sitemap__item\"><a href=\"https:\/\/brandartbylist.com\/fr\/drame-eclat-et-un-soupcon-de-mystere\/\" class=\"rank-math-html-sitemap__link\">Du drame, de l'\u00e9clat et un soup\u00e7on de myst\u00e8re.<\/a><\/li><li class=\"rank-math-html-sitemap__item\"><a href=\"https:\/\/brandartbylist.com\/fr\/oh-wow-lemotion-rencontre-lelegance\/\" class=\"rank-math-html-sitemap__link\">Oh wow - l'\u00e9motion rencontre l'\u00e9l\u00e9gance.<\/a><\/li><li class=\"rank-math-html-sitemap__item\"><a href=\"https:\/\/brandartbylist.com\/fr\/impertinent-libre-scintillant-le-luxe-avec-un-clin-doeil\/\" class=\"rank-math-html-sitemap__link\">Impertinent, libre, \u00e9tincelant - le luxe avec un clin d'\u0153il.<\/a><\/li><li class=\"rank-math-html-sitemap__item\"><a href=\"https:\/\/brandartbylist.com\/fr\/lamour-a-toucher-et-a-emporter\/\" class=\"rank-math-html-sitemap__link\">L'amour \u00e0 port\u00e9e de main - et \u00e0 emporter.<\/a><\/li><li class=\"rank-math-html-sitemap__item\"><a href=\"https:\/\/brandartbylist.com\/fr\/dors-bien-luxe\/\" class=\"rank-math-html-sitemap__link\">Dors bien, luxe.<\/a><\/li><li class=\"rank-math-html-sitemap__item\"><a href=\"https:\/\/brandartbylist.com\/fr\/flirt-avec-style-amour-a-emporter\/\" class=\"rank-math-html-sitemap__link\">Flirt avec style - l'amour \u00e0 emporter<\/a><\/li><li class=\"rank-math-html-sitemap__item\"><a href=\"https:\/\/brandartbylist.com\/fr\/impertinent-libre-scintillant-luxe-avec-un-clin-doeil-2\/\" class=\"rank-math-html-sitemap__link\">Le rire est le plus bel accessoire<\/a><\/li><li class=\"rank-math-html-sitemap__item\"><a href=\"https:\/\/brandartbylist.com\/fr\/money-talks-lart-repond\/\" class=\"rank-math-html-sitemap__link\">Money Talks - L'art r\u00e9pond<\/a><\/li><\/ul><\/div><div class=\"rank-math-html-sitemap__section rank-math-html-sitemap__section--taxonomy rank-math-html-sitemap__section--category\"><h2 class=\"rank-math-html-sitemap__title\">Cat\u00e9gories<\/h2><ul class=\"rank-math-html-sitemap__list\"><li class=\"rank-math-html-sitemap__item\"><a href=\"https:\/\/brandartbylist.com\/fr\/blog-de-brandart\/\" class=\"rank-math-html-sitemap__link\">Blog de BrandArt<\/a><\/li><\/ul><\/div><\/div>\n\n\n\n<p>Assez lu ? Alors va l\u00e0 o\u00f9 \u00e7a fait mal - ou plut\u00f4t : l\u00e0 o\u00f9 \u00e7a claque. Dans la <strong>Galerie en ligne<\/strong>. On n'y accroche pas des promesses, mais des pi\u00e8ces uniques. Sign\u00e9es \u00e0 la main. Un morceau d'art qui t'appartient - si tu es assez courageux.<\/p>\n\n\n\n<p>\ud83d\udc49 <a>Vers la galerie - et entrer dans le jeu r\u00e9el<\/a><\/p>\n\n\n\n<p><\/p>","protected":false},"excerpt":{"rendered":"<p>Ordnung im Chaos. Ein Inhaltsverzeichnis. Klingt n\u00fcchtern &#8211; ist es aber nicht. Hier findest Du die Schneisen durch das Dickicht von BrandArt. Texte, Werke, Statements. Kein Geschwafel, keine Floskeln. Nur Klartext \u00fcber Kunst, die sich nicht versteckt. Es ist der rote Faden durch eine Haltung: Luxus zerlegen, Konsum entlarven, Symbole neu zusammensetzen. BrandArt ist kein [&hellip;]<\/p>\n","protected":false},"author":1,"featured_media":1352,"parent":0,"menu_order":0,"comment_status":"closed","ping_status":"closed","template":"","meta":{"footnotes":""},"class_list":["post-1209","page","type-page","status-publish","has-post-thumbnail","hentry"],"_links":{"self":[{"href":"https:\/\/brandartbylist.com\/fr\/wp-json\/wp\/v2\/pages\/1209","targetHints":{"allow":["GET"]}}],"collection":[{"href":"https:\/\/brandartbylist.com\/fr\/wp-json\/wp\/v2\/pages"}],"about":[{"href":"https:\/\/brandartbylist.com\/fr\/wp-json\/wp\/v2\/types\/page"}],"author":[{"embeddable":true,"href":"https:\/\/brandartbylist.com\/fr\/wp-json\/wp\/v2\/users\/1"}],"replies":[{"embeddable":true,"href":"https:\/\/brandartbylist.com\/fr\/wp-json\/wp\/v2\/comments?post=1209"}],"version-history":[{"count":0,"href":"https:\/\/brandartbylist.com\/fr\/wp-json\/wp\/v2\/pages\/1209\/revisions"}],"wp:featuredmedia":[{"embeddable":true,"href":"https:\/\/brandartbylist.com\/fr\/wp-json\/wp\/v2\/media\/1352"}],"wp:attachment":[{"href":"https:\/\/brandartbylist.com\/fr\/wp-json\/wp\/v2\/media?parent=1209"}],"curies":[{"name":"wp","href":"https:\/\/api.w.org\/{rel}","templated":true}]}}