{"id":958,"date":"2025-07-30T15:55:53","date_gmt":"2025-07-30T15:55:53","guid":{"rendered":"https:\/\/ig-lifestyle.com\/?page_id=958"},"modified":"2026-04-12T14:27:11","modified_gmt":"2026-04-12T12:27:11","slug":"mentions-legales","status":"publish","type":"page","link":"https:\/\/brandartbylist.com\/fr\/impressum\/","title":{"rendered":"Mentions l\u00e9gales"},"content":{"rendered":"<p>Responsable du contenu conform\u00e9ment au \u00a7 55 Abs. 2 RStV :<\/p>\n\n\n\n<p>List Green Lab GmbH &amp; Co KG<br>Repr\u00e9sent\u00e9 par le directeur g\u00e9n\u00e9ral <a class=\"wpil_keyword_link\" href=\"https:\/\/brandartbylist.com\/fr\/lartiste\/\" title=\"L&#039;artiste\" data-wpil-keyword-link=\"linked\" data-wpil-monitor-id=\"51027\">Ralf List<\/a><br>Wallstrasse 18-20, D-52064 Aix-la-Chapelle<\/p>\n\n\n\n<p>T\u00e9l : +49-176-96616882<\/p>\n\n\n\n<p>Email :&nbsp;<a href=\"mailto:info@brandartbylist.com\">info@brandartbylist.com<\/a><\/p>\n\n\n\n<p>BrandArt est une marque prot\u00e9g\u00e9e sous le num\u00e9ro : 30 2023 237 722<\/p>\n\n\n\n<p>Le propri\u00e9taire de la marque est List Green Lab GmbH &amp; Co KG, HRB : 331790904, Tribunal d'instance d'Aix-la-Chapelle.<\/p>\n\n\n\n<div style=\"height:31px\" aria-hidden=\"true\" class=\"wp-block-spacer\"><\/div>\n\n\n\n<p><strong>Mod\u00e8le \u00e9conomique et avis juridique sur la transformation artistique :<\/strong><\/p>\n\n\n\n<div style=\"height:35px\" aria-hidden=\"true\" class=\"wp-block-spacer\"><\/div>\n\n\n\n<p><a title=\"Le luxe est comme une toile - fais-en ta propre toile\" data-wpil-monitor-id=\"5\" href=\"\/fr\/toile-de-luxe\/\">BrandArt by LIST<\/a> pr\u00e9sente des \u0153uvres d'art uniques, cr\u00e9\u00e9es par la transformation artistique de produits originaux usag\u00e9s de marques de luxe renomm\u00e9es telles que Louis Vuitton, Herm\u00e8s, Prada, Gucci, Dior ou Chanel. <a class=\"wpil_keyword_link\" href=\"https:\/\/brandartbylist.com\/fr\/brandart-blog-by-list\/\" title=\"Blog de BrandArt par List\" data-wpil-keyword-link=\"linked\" data-wpil-monitor-id=\"51062\">Ralf List<\/a> peint ces objets par exemple avec des emojis, des symboles (par exemple de Jean-Michel Basquiat) et les signe. <\/p>\n\n\n\n<div style=\"height:35px\" aria-hidden=\"true\" class=\"wp-block-spacer\"><\/div>\n\n\n\n<p>Il est express\u00e9ment pr\u00e9cis\u00e9 que les produits pr\u00e9sent\u00e9s sur ce site sont de pures \u0153uvres d'art (pi\u00e8ces uniques) et non des articles de mode. Ils sont le r\u00e9sultat d'une transformation artistique et sont soumis \u00e0 la libert\u00e9 artistique de l'artiste. Aucune publicit\u00e9 de marque ou impression officielle du fabricant n'est cr\u00e9\u00e9e. Les \u0153uvres sont clairement modifi\u00e9es artistiquement en tant que produit original et ne sont pas identifi\u00e9es comme \u201eproduit de marque\/logo\u201c officiel.<\/p>\n\n\n\n<div style=\"height:35px\" aria-hidden=\"true\" class=\"wp-block-spacer\"><\/div>","protected":false},"excerpt":{"rendered":"<p>Inhaltlich Verantwortlicher gem\u00e4\u00df \u00a7 55 Abs. 2 RStV: List Green Lab GmbH &amp; Co KGVertreten durch den Gesch\u00e4ftsf\u00fchrer Ralf ListWallstrasse 18-20, D-52064 Aachen Tel: +49-176-96616882 Email:&nbsp;info@brandartbylist.com BrandArt ist eine gesch\u00fctzte Marke mit Nr: 30 2023 237 722 Inhaber der Marke ist die List Green Lab GmbH &amp; Co KG, HRB: 331790904, Amtsgericht Aachen Gesch\u00e4ftsmodell und [&hellip;]<\/p>\n","protected":false},"author":1,"featured_media":1357,"parent":0,"menu_order":0,"comment_status":"closed","ping_status":"closed","template":"","meta":{"footnotes":""},"class_list":["post-958","page","type-page","status-publish","has-post-thumbnail","hentry"],"_links":{"self":[{"href":"https:\/\/brandartbylist.com\/fr\/wp-json\/wp\/v2\/pages\/958","targetHints":{"allow":["GET"]}}],"collection":[{"href":"https:\/\/brandartbylist.com\/fr\/wp-json\/wp\/v2\/pages"}],"about":[{"href":"https:\/\/brandartbylist.com\/fr\/wp-json\/wp\/v2\/types\/page"}],"author":[{"embeddable":true,"href":"https:\/\/brandartbylist.com\/fr\/wp-json\/wp\/v2\/users\/1"}],"replies":[{"embeddable":true,"href":"https:\/\/brandartbylist.com\/fr\/wp-json\/wp\/v2\/comments?post=958"}],"version-history":[{"count":0,"href":"https:\/\/brandartbylist.com\/fr\/wp-json\/wp\/v2\/pages\/958\/revisions"}],"wp:featuredmedia":[{"embeddable":true,"href":"https:\/\/brandartbylist.com\/fr\/wp-json\/wp\/v2\/media\/1357"}],"wp:attachment":[{"href":"https:\/\/brandartbylist.com\/fr\/wp-json\/wp\/v2\/media?parent=958"}],"curies":[{"name":"wp","href":"https:\/\/api.w.org\/{rel}","templated":true}]}}